{"id":3,"date":"2020-01-27T08:34:44","date_gmt":"2020-01-27T08:34:44","guid":{"rendered":"https:\/\/esparterocs.com\/?page_id=3"},"modified":"2026-03-03T19:47:41","modified_gmt":"2026-03-03T18:47:41","slug":"politica-de-privacidad","status":"publish","type":"page","link":"https:\/\/esparterocs.com\/en\/politica-de-privacidad\/","title":{"rendered":"Privacy Policy"},"content":{"rendered":"\t\t<div data-elementor-type=\"wp-page\" data-elementor-id=\"3\" class=\"elementor elementor-3\">\n\t\t\t\t\t\t<section class=\"elementor-section elementor-top-section elementor-element elementor-element-54d32ec9 elementor-section-boxed elementor-section-height-default elementor-section-height-default wpr-particle-no wpr-jarallax-no wpr-parallax-no wpr-sticky-section-no wpr-column-slider-no wpr-equal-height-no\" data-id=\"54d32ec9\" data-element_type=\"section\" data-e-type=\"section\">\n\t\t\t\t\t\t\t<div class=\"elementor-background-overlay\"><\/div>\n\t\t\t\t\t\t\t<div class=\"elementor-container elementor-column-gap-default\">\n\t\t\t\t\t<div class=\"elementor-column elementor-col-100 elementor-top-column elementor-element elementor-element-386b8ec9\" data-id=\"386b8ec9\" data-element_type=\"column\" data-e-type=\"column\">\n\t\t\t<div class=\"elementor-widget-wrap elementor-element-populated\">\n\t\t\t\t\t\t<div class=\"elementor-element elementor-element-5dd01c1a elementor-widget elementor-widget-text-editor\" data-id=\"5dd01c1a\" data-element_type=\"widget\" data-e-type=\"widget\" data-widget_type=\"text-editor.default\">\n\t\t\t\t<div class=\"elementor-widget-container\">\n\t\t\t\t\t\t\t\t\t<p><\/p>\n<h3 class=\"font_9 wp-block-heading\"><span class=\"color_11\" style=\"color: #000000;\">POL\u00cdTICA DE PRIVACIDAD DEL SITIO WEB ESPARTEROCS.COM<\/span><\/h3>\n<p>\u00a0<\/p>\n<p><strong>1. Responsable del tratamiento<\/strong><\/p>\n<p>Titular: ECS Espartero Building &amp; Services SLU<br \/>NIF: [Indicar NIF]<br \/>Domicilio social: [Indicar direcci\u00f3n completa]<br \/>Correo electr\u00f3nico: ecs@esparterocs.com<br \/>Sitio web: https:\/\/esparterocs.com<\/p>\n<p><strong>2. Finalidad del tratamiento<\/strong><\/p>\n<p>Los datos personales facilitados a trav\u00e9s del sitio web ser\u00e1n tratados con la finalidad de:<\/p>\n<ul>\n<li>Atender consultas y solicitudes de informaci\u00f3n.<\/li>\n<li>Gestionar la relaci\u00f3n profesional o comercial.<\/li>\n<li>Cumplir con las obligaciones legales aplicables.<\/li>\n<\/ul>\n<p>No se utilizar\u00e1n los datos para finalidades distintas a las indicadas.<\/p>\n<p><strong>3. Base jur\u00eddica<\/strong><\/p>\n<p>La base legal para el tratamiento de los datos es:<\/p>\n<p>El consentimiento del interesado al enviar el formulario de contacto.<\/p>\n<p>La ejecuci\u00f3n de una relaci\u00f3n contractual o precontractual.<\/p>\n<p>El cumplimiento de obligaciones legales.<\/p>\n<p><strong>4. Conservaci\u00f3n de los datos<\/strong><\/p>\n<p>Los datos se conservar\u00e1n durante el tiempo necesario para atender la solicitud y, en su caso, mientras exista relaci\u00f3n contractual o durante los plazos exigidos por la normativa aplicable.<\/p>\n<p><strong>5. Destinatarios<\/strong><\/p>\n<p>No se ceder\u00e1n datos a terceros, salvo obligaci\u00f3n legal.<\/p>\n<p>Podr\u00e1n tener acceso a los datos proveedores de servicios necesarios para el funcionamiento del sitio web (alojamiento web, mantenimiento t\u00e9cnico), bajo contrato de confidencialidad y conforme al Reglamento (UE) 2016\/679.<\/p>\n<p><strong>6. Derechos del usuario<\/strong><\/p>\n<p>El interesado puede ejercer los siguientes derechos:<\/p>\n<ul>\n<li>Acceso<\/li>\n<li>Rectificaci\u00f3n<\/li>\n<li>Supresi\u00f3n<\/li>\n<li>Limitaci\u00f3n del tratamiento<\/li>\n<li>Oposici\u00f3n<\/li>\n<li>Portabilidad<\/li>\n<\/ul>\n<p>Para ello podr\u00e1 enviar una solicitud al correo electr\u00f3nico indicado anteriormente, adjuntando copia de su documento de identidad.<\/p>\n<p>Asimismo, puede presentar reclamaci\u00f3n ante la Agencia Espa\u00f1ola de Protecci\u00f3n de Datos si considera que el tratamiento no se ajusta a la normativa vigente.<\/p>\n<p><\/p>\t\t\t\t\t\t\t\t<\/div>\n\t\t\t\t<\/div>\n\t\t\t\t\t<\/div>\n\t\t<\/div>\n\t\t\t\t\t<\/div>\n\t\t<\/section>\n\t\t\t\t<section class=\"elementor-section elementor-top-section elementor-element elementor-element-fca4c53 elementor-section-boxed elementor-section-height-default elementor-section-height-default wpr-particle-no wpr-jarallax-no wpr-parallax-no wpr-sticky-section-no wpr-column-slider-no wpr-equal-height-no\" data-id=\"fca4c53\" data-element_type=\"section\" data-e-type=\"section\">\n\t\t\t\t\t\t<div class=\"elementor-container elementor-column-gap-default\">\n\t\t\t\t\t<div class=\"elementor-column elementor-col-100 elementor-top-column elementor-element elementor-element-711c532\" data-id=\"711c532\" data-element_type=\"column\" data-e-type=\"column\">\n\t\t\t<div class=\"elementor-widget-wrap elementor-element-populated\">\n\t\t\t\t\t\t<div class=\"elementor-element elementor-element-fa6dace elementor-widget-divider--view-line elementor-widget elementor-widget-divider\" data-id=\"fa6dace\" data-element_type=\"widget\" data-e-type=\"widget\" data-widget_type=\"divider.default\">\n\t\t\t\t<div class=\"elementor-widget-container\">\n\t\t\t\t\t\t\t<div class=\"elementor-divider\">\n\t\t\t<span class=\"elementor-divider-separator\">\n\t\t\t\t\t\t<\/span>\n\t\t<\/div>\n\t\t\t\t\t\t<\/div>\n\t\t\t\t<\/div>\n\t\t\t\t\t<\/div>\n\t\t<\/div>\n\t\t\t\t\t<\/div>\n\t\t<\/section>\n\t\t\t\t<\/div>\n\t\t","protected":false},"excerpt":{"rendered":"<p>POL\u00cdTICA DE PRIVACIDAD DEL SITIO WEB ESPARTEROCS.COM \u00a0 1. Responsable del tratamiento Titular: ECS Espartero Building &amp; Services SLUNIF: [Indicar NIF]Domicilio social: [Indicar direcci\u00f3n completa]Correo electr\u00f3nico: ecs@esparterocs.comSitio web: https:\/\/esparterocs.com 2. Finalidad del tratamiento Los datos personales facilitados a trav\u00e9s del sitio web ser\u00e1n tratados con la finalidad de: Atender consultas y solicitudes de informaci\u00f3n. Gestionar la relaci\u00f3n profesional o comercial. Cumplir con las obligaciones legales aplicables. No se utilizar\u00e1n los datos para finalidades distintas a las indicadas. 3. Base jur\u00eddica La base legal para el tratamiento de los datos es: El consentimiento del interesado al enviar el formulario de contacto. La ejecuci\u00f3n de una relaci\u00f3n contractual o precontractual. El cumplimiento de obligaciones legales. 4. Conservaci\u00f3n de los datos Los datos se conservar\u00e1n durante el tiempo necesario para atender la solicitud y, en su caso, mientras exista relaci\u00f3n contractual o durante los plazos exigidos por la normativa aplicable. 5. Destinatarios No se ceder\u00e1n datos a terceros, salvo obligaci\u00f3n legal. Podr\u00e1n tener acceso a los datos proveedores de servicios necesarios para el funcionamiento del sitio web (alojamiento web, mantenimiento t\u00e9cnico), bajo contrato de confidencialidad y conforme al Reglamento (UE) 2016\/679. 6. Derechos del usuario El interesado puede ejercer los siguientes derechos: Acceso Rectificaci\u00f3n Supresi\u00f3n Limitaci\u00f3n del tratamiento Oposici\u00f3n Portabilidad Para ello podr\u00e1 enviar una solicitud al correo electr\u00f3nico indicado anteriormente, adjuntando copia de su documento de identidad. Asimismo, puede presentar reclamaci\u00f3n ante la Agencia Espa\u00f1ola de Protecci\u00f3n de Datos si considera que el tratamiento no se ajusta a la normativa vigente.<\/p>\n","protected":false},"author":1,"featured_media":0,"parent":0,"menu_order":0,"comment_status":"closed","ping_status":"closed","template":"elementor_header_footer","meta":{"site-sidebar-layout":"default","site-content-layout":"default","ast-site-content-layout":"default","site-content-style":"default","site-sidebar-style":"default","ast-global-header-display":"","ast-banner-title-visibility":"","ast-main-header-display":"","ast-hfb-above-header-display":"","ast-hfb-below-header-display":"","ast-hfb-mobile-header-display":"","site-post-title":"","ast-breadcrumbs-content":"","ast-featured-img":"","footer-sml-layout":"","ast-disable-related-posts":"","theme-transparent-header-meta":"default","adv-header-id-meta":"","stick-header-meta":"","header-above-stick-meta":"","header-main-stick-meta":"","header-below-stick-meta":"","astra-migrate-meta-layouts":"default","ast-page-background-enabled":"default","ast-page-background-meta":{"desktop":{"background-color":"","background-image":"","background-repeat":"repeat","background-position":"center center","background-size":"auto","background-attachment":"scroll","background-type":"","background-media":"","overlay-type":"","overlay-color":"","overlay-opacity":"","overlay-gradient":""},"tablet":{"background-color":"","background-image":"","background-repeat":"repeat","background-position":"center center","background-size":"auto","background-attachment":"scroll","background-type":"","background-media":"","overlay-type":"","overlay-color":"","overlay-opacity":"","overlay-gradient":""},"mobile":{"background-color":"","background-image":"","background-repeat":"repeat","background-position":"center center","background-size":"auto","background-attachment":"scroll","background-type":"","background-media":"","overlay-type":"","overlay-color":"","overlay-opacity":"","overlay-gradient":""}},"ast-content-background-meta":{"desktop":{"background-color":"var(--ast-global-color-5)","background-image":"","background-repeat":"repeat","background-position":"center center","background-size":"auto","background-attachment":"scroll","background-type":"","background-media":"","overlay-type":"","overlay-color":"","overlay-opacity":"","overlay-gradient":""},"tablet":{"background-color":"var(--ast-global-color-5)","background-image":"","background-repeat":"repeat","background-position":"center center","background-size":"auto","background-attachment":"scroll","background-type":"","background-media":"","overlay-type":"","overlay-color":"","overlay-opacity":"","overlay-gradient":""},"mobile":{"background-color":"var(--ast-global-color-5)","background-image":"","background-repeat":"repeat","background-position":"center center","background-size":"auto","background-attachment":"scroll","background-type":"","background-media":"","overlay-type":"","overlay-color":"","overlay-opacity":"","overlay-gradient":""}},"footnotes":""},"class_list":["post-3","page","type-page","status-publish","hentry"],"yoast_head":"<!-- This site is optimized with the Yoast SEO plugin v27.5 - https:\/\/yoast.com\/product\/yoast-seo-wordpress\/ -->\n<title>Pol\u00edtica de Privacidad - ECS, Engineering &amp; Astrophysics<\/title>\n<meta name=\"robots\" content=\"noindex, follow, max-snippet:-1, max-image-preview:large, max-video-preview:-1\" \/>\n<meta property=\"og:locale\" content=\"en_GB\" \/>\n<meta property=\"og:type\" content=\"article\" \/>\n<meta property=\"og:title\" content=\"Pol\u00edtica de Privacidad - ECS, Engineering &amp; Astrophysics\" \/>\n<meta property=\"og:description\" content=\"POL\u00cdTICA DE PRIVACIDAD DEL SITIO WEB ESPARTEROCS.COM \u00a0 1. Responsable del tratamiento Titular: ECS Espartero Building &amp; Services SLUNIF: [Indicar NIF]Domicilio social: [Indicar direcci\u00f3n completa]Correo electr\u00f3nico: ecs@esparterocs.comSitio web: https:\/\/esparterocs.com 2. Finalidad del tratamiento Los datos personales facilitados a trav\u00e9s del sitio web ser\u00e1n tratados con la finalidad de: Atender consultas y solicitudes de informaci\u00f3n. Gestionar la relaci\u00f3n profesional o comercial. Cumplir con las obligaciones legales aplicables. No se utilizar\u00e1n los datos para finalidades distintas a las indicadas. 3. Base jur\u00eddica La base legal para el tratamiento de los datos es: El consentimiento del interesado al enviar el formulario de contacto. La ejecuci\u00f3n de una relaci\u00f3n contractual o precontractual. El cumplimiento de obligaciones legales. 4. Conservaci\u00f3n de los datos Los datos se conservar\u00e1n durante el tiempo necesario para atender la solicitud y, en su caso, mientras exista relaci\u00f3n contractual o durante los plazos exigidos por la normativa aplicable. 5. Destinatarios No se ceder\u00e1n datos a terceros, salvo obligaci\u00f3n legal. Podr\u00e1n tener acceso a los datos proveedores de servicios necesarios para el funcionamiento del sitio web (alojamiento web, mantenimiento t\u00e9cnico), bajo contrato de confidencialidad y conforme al Reglamento (UE) 2016\/679. 6. Derechos del usuario El interesado puede ejercer los siguientes derechos: Acceso Rectificaci\u00f3n Supresi\u00f3n Limitaci\u00f3n del tratamiento Oposici\u00f3n Portabilidad Para ello podr\u00e1 enviar una solicitud al correo electr\u00f3nico indicado anteriormente, adjuntando copia de su documento de identidad. Asimismo, puede presentar reclamaci\u00f3n ante la Agencia Espa\u00f1ola de Protecci\u00f3n de Datos si considera que el tratamiento no se ajusta a la normativa vigente.\" \/>\n<meta property=\"og:url\" content=\"https:\/\/esparterocs.com\/en\/politica-de-privacidad\/\" \/>\n<meta property=\"og:site_name\" content=\"ECS, Engineering &amp; Astrophysics\" \/>\n<meta property=\"article:modified_time\" content=\"2026-03-03T18:47:41+00:00\" \/>\n<meta name=\"twitter:card\" content=\"summary_large_image\" \/>\n<meta name=\"twitter:label1\" content=\"Estimated reading time\" \/>\n\t<meta name=\"twitter:data1\" content=\"2 minutes\" \/>\n<script type=\"application\/ld+json\" class=\"yoast-schema-graph\">{\"@context\":\"https:\\\/\\\/schema.org\",\"@graph\":[{\"@type\":\"WebPage\",\"@id\":\"https:\\\/\\\/esparterocs.com\\\/politica-de-privacidad\\\/\",\"url\":\"https:\\\/\\\/esparterocs.com\\\/politica-de-privacidad\\\/\",\"name\":\"Pol\u00edtica de Privacidad - ECS, Engineering &amp; Astrophysics\",\"isPartOf\":{\"@id\":\"https:\\\/\\\/esparterocs.com\\\/#website\"},\"datePublished\":\"2020-01-27T08:34:44+00:00\",\"dateModified\":\"2026-03-03T18:47:41+00:00\",\"breadcrumb\":{\"@id\":\"https:\\\/\\\/esparterocs.com\\\/politica-de-privacidad\\\/#breadcrumb\"},\"inLanguage\":\"en-GB\",\"potentialAction\":[{\"@type\":\"ReadAction\",\"target\":[\"https:\\\/\\\/esparterocs.com\\\/politica-de-privacidad\\\/\"]}]},{\"@type\":\"BreadcrumbList\",\"@id\":\"https:\\\/\\\/esparterocs.com\\\/politica-de-privacidad\\\/#breadcrumb\",\"itemListElement\":[{\"@type\":\"ListItem\",\"position\":1,\"name\":\"Home\",\"item\":\"https:\\\/\\\/esparterocs.com\\\/\"},{\"@type\":\"ListItem\",\"position\":2,\"name\":\"Pol\u00edtica de Privacidad\"}]},{\"@type\":\"WebSite\",\"@id\":\"https:\\\/\\\/esparterocs.com\\\/#website\",\"url\":\"https:\\\/\\\/esparterocs.com\\\/\",\"name\":\"ECS, Engineering &amp; Astrophysics\",\"description\":\"Construcci\u00f3n de observatorios astron\u00f3micos profesionales\",\"publisher\":{\"@id\":\"https:\\\/\\\/esparterocs.com\\\/#organization\"},\"potentialAction\":[{\"@type\":\"SearchAction\",\"target\":{\"@type\":\"EntryPoint\",\"urlTemplate\":\"https:\\\/\\\/esparterocs.com\\\/?s={search_term_string}\"},\"query-input\":{\"@type\":\"PropertyValueSpecification\",\"valueRequired\":true,\"valueName\":\"search_term_string\"}}],\"inLanguage\":\"en-GB\"},{\"@type\":\"Organization\",\"@id\":\"https:\\\/\\\/esparterocs.com\\\/#organization\",\"name\":\"ECS, Engineering &amp; Astrophysics\",\"url\":\"https:\\\/\\\/esparterocs.com\\\/\",\"logo\":{\"@type\":\"ImageObject\",\"inLanguage\":\"en-GB\",\"@id\":\"https:\\\/\\\/esparterocs.com\\\/#\\\/schema\\\/logo\\\/image\\\/\",\"url\":\"https:\\\/\\\/esparterocs.com\\\/wp-content\\\/uploads\\\/2020\\\/02\\\/cropped-logo-ECS.png\",\"contentUrl\":\"https:\\\/\\\/esparterocs.com\\\/wp-content\\\/uploads\\\/2020\\\/02\\\/cropped-logo-ECS.png\",\"width\":195,\"height\":88,\"caption\":\"ECS, Engineering &amp; Astrophysics\"},\"image\":{\"@id\":\"https:\\\/\\\/esparterocs.com\\\/#\\\/schema\\\/logo\\\/image\\\/\"}}]}<\/script>\n<!-- \/ Yoast SEO plugin. -->","yoast_head_json":{"title":"Pol\u00edtica de Privacidad - ECS, Engineering &amp; Astrophysics","robots":{"index":"noindex","follow":"follow","max-snippet":"max-snippet:-1","max-image-preview":"max-image-preview:large","max-video-preview":"max-video-preview:-1"},"og_locale":"en_GB","og_type":"article","og_title":"Pol\u00edtica de Privacidad - ECS, Engineering &amp; Astrophysics","og_description":"POL\u00cdTICA DE PRIVACIDAD DEL SITIO WEB ESPARTEROCS.COM \u00a0 1. Responsable del tratamiento Titular: ECS Espartero Building &amp; Services SLUNIF: [Indicar NIF]Domicilio social: [Indicar direcci\u00f3n completa]Correo electr\u00f3nico: ecs@esparterocs.comSitio web: https:\/\/esparterocs.com 2. Finalidad del tratamiento Los datos personales facilitados a trav\u00e9s del sitio web ser\u00e1n tratados con la finalidad de: Atender consultas y solicitudes de informaci\u00f3n. Gestionar la relaci\u00f3n profesional o comercial. Cumplir con las obligaciones legales aplicables. No se utilizar\u00e1n los datos para finalidades distintas a las indicadas. 3. Base jur\u00eddica La base legal para el tratamiento de los datos es: El consentimiento del interesado al enviar el formulario de contacto. La ejecuci\u00f3n de una relaci\u00f3n contractual o precontractual. El cumplimiento de obligaciones legales. 4. Conservaci\u00f3n de los datos Los datos se conservar\u00e1n durante el tiempo necesario para atender la solicitud y, en su caso, mientras exista relaci\u00f3n contractual o durante los plazos exigidos por la normativa aplicable. 5. Destinatarios No se ceder\u00e1n datos a terceros, salvo obligaci\u00f3n legal. Podr\u00e1n tener acceso a los datos proveedores de servicios necesarios para el funcionamiento del sitio web (alojamiento web, mantenimiento t\u00e9cnico), bajo contrato de confidencialidad y conforme al Reglamento (UE) 2016\/679. 6. Derechos del usuario El interesado puede ejercer los siguientes derechos: Acceso Rectificaci\u00f3n Supresi\u00f3n Limitaci\u00f3n del tratamiento Oposici\u00f3n Portabilidad Para ello podr\u00e1 enviar una solicitud al correo electr\u00f3nico indicado anteriormente, adjuntando copia de su documento de identidad. Asimismo, puede presentar reclamaci\u00f3n ante la Agencia Espa\u00f1ola de Protecci\u00f3n de Datos si considera que el tratamiento no se ajusta a la normativa vigente.","og_url":"https:\/\/esparterocs.com\/en\/politica-de-privacidad\/","og_site_name":"ECS, Engineering &amp; Astrophysics","article_modified_time":"2026-03-03T18:47:41+00:00","twitter_card":"summary_large_image","twitter_misc":{"Estimated reading time":"2 minutes"},"schema":{"@context":"https:\/\/schema.org","@graph":[{"@type":"WebPage","@id":"https:\/\/esparterocs.com\/politica-de-privacidad\/","url":"https:\/\/esparterocs.com\/politica-de-privacidad\/","name":"Pol\u00edtica de Privacidad - ECS, Engineering &amp; Astrophysics","isPartOf":{"@id":"https:\/\/esparterocs.com\/#website"},"datePublished":"2020-01-27T08:34:44+00:00","dateModified":"2026-03-03T18:47:41+00:00","breadcrumb":{"@id":"https:\/\/esparterocs.com\/politica-de-privacidad\/#breadcrumb"},"inLanguage":"en-GB","potentialAction":[{"@type":"ReadAction","target":["https:\/\/esparterocs.com\/politica-de-privacidad\/"]}]},{"@type":"BreadcrumbList","@id":"https:\/\/esparterocs.com\/politica-de-privacidad\/#breadcrumb","itemListElement":[{"@type":"ListItem","position":1,"name":"Home","item":"https:\/\/esparterocs.com\/"},{"@type":"ListItem","position":2,"name":"Pol\u00edtica de Privacidad"}]},{"@type":"WebSite","@id":"https:\/\/esparterocs.com\/#website","url":"https:\/\/esparterocs.com\/","name":"ECS, Engineering &amp; Astrophysics","description":"Construction of professional astronomical observatories","publisher":{"@id":"https:\/\/esparterocs.com\/#organization"},"potentialAction":[{"@type":"SearchAction","target":{"@type":"EntryPoint","urlTemplate":"https:\/\/esparterocs.com\/?s={search_term_string}"},"query-input":{"@type":"PropertyValueSpecification","valueRequired":true,"valueName":"search_term_string"}}],"inLanguage":"en-GB"},{"@type":"Organization","@id":"https:\/\/esparterocs.com\/#organization","name":"ECS, Engineering &amp; Astrophysics","url":"https:\/\/esparterocs.com\/","logo":{"@type":"ImageObject","inLanguage":"en-GB","@id":"https:\/\/esparterocs.com\/#\/schema\/logo\/image\/","url":"https:\/\/esparterocs.com\/wp-content\/uploads\/2020\/02\/cropped-logo-ECS.png","contentUrl":"https:\/\/esparterocs.com\/wp-content\/uploads\/2020\/02\/cropped-logo-ECS.png","width":195,"height":88,"caption":"ECS, Engineering &amp; Astrophysics"},"image":{"@id":"https:\/\/esparterocs.com\/#\/schema\/logo\/image\/"}}]}},"_links":{"self":[{"href":"https:\/\/esparterocs.com\/en\/wp-json\/wp\/v2\/pages\/3","targetHints":{"allow":["GET"]}}],"collection":[{"href":"https:\/\/esparterocs.com\/en\/wp-json\/wp\/v2\/pages"}],"about":[{"href":"https:\/\/esparterocs.com\/en\/wp-json\/wp\/v2\/types\/page"}],"author":[{"embeddable":true,"href":"https:\/\/esparterocs.com\/en\/wp-json\/wp\/v2\/users\/1"}],"replies":[{"embeddable":true,"href":"https:\/\/esparterocs.com\/en\/wp-json\/wp\/v2\/comments?post=3"}],"version-history":[{"count":20,"href":"https:\/\/esparterocs.com\/en\/wp-json\/wp\/v2\/pages\/3\/revisions"}],"predecessor-version":[{"id":3731,"href":"https:\/\/esparterocs.com\/en\/wp-json\/wp\/v2\/pages\/3\/revisions\/3731"}],"wp:attachment":[{"href":"https:\/\/esparterocs.com\/en\/wp-json\/wp\/v2\/media?parent=3"}],"curies":[{"name":"wp","href":"https:\/\/api.w.org\/{rel}","templated":true}]}}