{"id":3668,"date":"2026-03-03T18:49:23","date_gmt":"2026-03-03T17:49:23","guid":{"rendered":"https:\/\/beta.esparterocs.com\/?page_id=3668"},"modified":"2026-03-03T19:47:17","modified_gmt":"2026-03-03T18:47:17","slug":"politica-de-calidad-y-medioambiente","status":"publish","type":"page","link":"https:\/\/esparterocs.com\/en\/politica-de-calidad-y-medioambiente\/","title":{"rendered":"Quality and Environmental Policy"},"content":{"rendered":"<div data-elementor-type=\"wp-page\" data-elementor-id=\"3668\" class=\"elementor elementor-3668\">\n\t\t\t\t\t\t<section class=\"elementor-section elementor-top-section elementor-element elementor-element-54d32ec9 elementor-section-boxed elementor-section-height-default elementor-section-height-default wpr-particle-no wpr-jarallax-no wpr-parallax-no wpr-sticky-section-no wpr-column-slider-no wpr-equal-height-no\" data-id=\"54d32ec9\" data-element_type=\"section\" data-e-type=\"section\">\n\t\t\t\t\t\t\t<div class=\"elementor-background-overlay\"><\/div>\n\t\t\t\t\t\t\t<div class=\"elementor-container elementor-column-gap-default\">\n\t\t\t\t\t<div class=\"elementor-column elementor-col-100 elementor-top-column elementor-element elementor-element-386b8ec9\" data-id=\"386b8ec9\" data-element_type=\"column\" data-e-type=\"column\">\n\t\t\t<div class=\"elementor-widget-wrap elementor-element-populated\">\n\t\t\t\t\t\t<div class=\"elementor-element elementor-element-5dd01c1a elementor-widget elementor-widget-text-editor\" data-id=\"5dd01c1a\" data-element_type=\"widget\" data-e-type=\"widget\" data-widget_type=\"text-editor.default\">\n\t\t\t\t<div class=\"elementor-widget-container\">\n\t\t\t\t\t\t\t\t\t\n<h3 class=\"font_9 wp-block-heading\"><span class=\"color_11\" style=\"color: #000000;\">POL\u00cdTICA DE CALIDAD Y MEDIOAMBIENTE<\/span><\/h3>\n<p class=\"font_9\"><span class=\"wixGuard\" style=\"color: #000000;\">\u200b<\/span><\/p>\n<p class=\"font_9\">La Direcci\u00f3n de ESPARTERO BUILDING &amp; SERVICES SLU, tiene implantado un sistema integrado de gesti\u00f3n de la calidad y el medio ambiente cuyo alcance es el siguiente: \u201cAsesoramiento de Ingenier\u00eda en Materia de Defensa y Espacio (Din\u00e1mica y Mec\u00e1nica Orbital\u201d. La organizaci\u00f3n se compromete a cumplir con los principios de su Pol\u00edtica de Gesti\u00f3n, que se indican a continuaci\u00f3n:<\/p>\n<p><strong>Compromisos<\/strong><\/p>\n<p>ESPARTERO BUILDING &amp; SERVICES SLU, establece los siguientes compromisos en materia de calidad:<\/p>\n<ul>\n<li>Cumplimiento de la regulaci\u00f3n, normativa interna, requisitos reglamentarios, legales y otros requisitos aplicables tanto al personal propio como a terceras partes que se relacionen con la compa\u00f1\u00eda (proveedores, contratistas, socios de negocio, etc.<\/li>\n<li>Identificaci\u00f3n, evaluaci\u00f3n y gesti\u00f3n de los riesgos y oportunidades, derivados de su actividad.<\/li>\n<li>Mejora continua y excelencia en la gesti\u00f3n, estableciendo procesos de auditor\u00eda y revisi\u00f3n peri\u00f3dica del sistema de gesti\u00f3n integrado, as\u00ed como indicadores que permitan el seguimiento continuo del desempe\u00f1o, promoviendo la innovaci\u00f3n y el incremento de la productividad con criterios de rentabilidad eficiencia y sostenibilidad.<\/li>\n<li>Garantizar el cumplimiento de los objetivos y la asignaci\u00f3n de los recursos t\u00e9cnicos, humanos y materiales necesarios y adoptar la mejor tecnolog\u00eda disponible para lograr una eficaz implantaci\u00f3n del sistema.<\/li>\n<li>Transparencia en la informaci\u00f3n proporcionada a los grupos de inter\u00e9s, garantizando su fiabilidad y rigor y aplicando los procesos y protocolos internos que aseguran la confidencialidad de dicha informaci\u00f3n. Pol\u00edtica de Calidad y Medioambiente<\/li>\n<li>La formaci\u00f3n e informaci\u00f3n orientada a asegurar que las personas de la compa\u00f1\u00eda conocen y comprenden las normas y compromisos para poder desempe\u00f1ar su actividad.<\/li>\n<li>Proteger el Medio Ambiente, incluyendo la prevenci\u00f3n de la contaminaci\u00f3n y la mejora de nuestro comportamiento ambiental.<\/li>\n<li>Mantenimiento de una comunicaci\u00f3n fluida tanto a nivel interno, entre los distintos estamentos de la empresa, como con clientes.<\/li>\n<li>Garantizar el correcto estado de las instalaciones y el equipamiento adecuado, de forma tal que est\u00e9n en correspondencia con la actividad, objetivos y metas de la empresa.<\/li>\n<\/ul>\n<p>En este sentido, la Direcci\u00f3n de ESPARTERO BUILDING &amp; SERVICES SLU cuenta con un equipo de profesionales cualificados y proporciona los recursos necesarios para alcanzar sus objetivos de Gesti\u00f3n.<\/p>\n<p>La presente Pol\u00edtica de Calidad servir\u00e1 de base para la aprobaci\u00f3n de objetivos de mejora por la Organizaci\u00f3n.<\/p>\n\t\t\t\t\t\t\t\t<\/div>\n\t\t\t\t<\/div>\n\t\t\t\t\t<\/div>\n\t\t<\/div>\n\t\t\t\t\t<\/div>\n\t\t<\/section>\n\t\t\t\t<section class=\"elementor-section elementor-top-section elementor-element elementor-element-fca4c53 elementor-section-boxed elementor-section-height-default elementor-section-height-default wpr-particle-no wpr-jarallax-no wpr-parallax-no wpr-sticky-section-no wpr-column-slider-no wpr-equal-height-no\" data-id=\"fca4c53\" data-element_type=\"section\" data-e-type=\"section\">\n\t\t\t\t\t\t<div class=\"elementor-container elementor-column-gap-default\">\n\t\t\t\t\t<div class=\"elementor-column elementor-col-100 elementor-top-column elementor-element elementor-element-711c532\" data-id=\"711c532\" data-element_type=\"column\" data-e-type=\"column\">\n\t\t\t<div class=\"elementor-widget-wrap elementor-element-populated\">\n\t\t\t\t\t\t<div class=\"elementor-element elementor-element-fa6dace elementor-widget-divider--view-line elementor-widget elementor-widget-divider\" data-id=\"fa6dace\" data-element_type=\"widget\" data-e-type=\"widget\" data-widget_type=\"divider.default\">\n\t\t\t\t<div class=\"elementor-widget-container\">\n\t\t\t\t\t\t\t<div class=\"elementor-divider\">\n\t\t\t<span class=\"elementor-divider-separator\">\n\t\t\t\t\t\t<\/span>\n\t\t<\/div>\n\t\t\t\t\t\t<\/div>\n\t\t\t\t<\/div>\n\t\t\t\t\t<\/div>\n\t\t<\/div>\n\t\t\t\t\t<\/div>\n\t\t<\/section>\n\t\t\t\t<\/div>","protected":false},"excerpt":{"rendered":"<p>POL\u00cdTICA DE CALIDAD Y MEDIOAMBIENTE \u200b La Direcci\u00f3n de ESPARTERO BUILDING &amp; SERVICES SLU, tiene implantado un sistema integrado de gesti\u00f3n de la calidad y el medio ambiente cuyo alcance es el siguiente: \u201cAsesoramiento de Ingenier\u00eda en Materia de Defensa y Espacio (Din\u00e1mica y Mec\u00e1nica Orbital\u201d. La organizaci\u00f3n se compromete a cumplir con los principios de su Pol\u00edtica de Gesti\u00f3n, que se indican a continuaci\u00f3n: Compromisos ESPARTERO BUILDING &amp; SERVICES SLU, establece los siguientes compromisos en materia de calidad: Cumplimiento de la regulaci\u00f3n, normativa interna, requisitos reglamentarios, legales y otros requisitos aplicables tanto al personal propio como a terceras partes que se relacionen con la compa\u00f1\u00eda (proveedores, contratistas, socios de negocio, etc. Identificaci\u00f3n, evaluaci\u00f3n y gesti\u00f3n de los riesgos y oportunidades, derivados de su actividad. Mejora continua y excelencia en la gesti\u00f3n, estableciendo procesos de auditor\u00eda y revisi\u00f3n peri\u00f3dica del sistema de gesti\u00f3n integrado, as\u00ed como indicadores que permitan el seguimiento continuo del desempe\u00f1o, promoviendo la innovaci\u00f3n y el incremento de la productividad con criterios de rentabilidad eficiencia y sostenibilidad. Garantizar el cumplimiento de los objetivos y la asignaci\u00f3n de los recursos t\u00e9cnicos, humanos y materiales necesarios y adoptar la mejor tecnolog\u00eda disponible para lograr una eficaz implantaci\u00f3n del sistema. Transparencia en la informaci\u00f3n proporcionada a los grupos de inter\u00e9s, garantizando su fiabilidad y rigor y aplicando los procesos y protocolos internos que aseguran la confidencialidad de dicha informaci\u00f3n. Pol\u00edtica de Calidad y Medioambiente La formaci\u00f3n e informaci\u00f3n orientada a asegurar que las personas de la compa\u00f1\u00eda conocen y comprenden las normas y compromisos para poder desempe\u00f1ar su actividad. Proteger el Medio Ambiente, incluyendo la prevenci\u00f3n de la contaminaci\u00f3n y la mejora de nuestro comportamiento ambiental. Mantenimiento de una comunicaci\u00f3n fluida tanto a nivel interno, entre los distintos estamentos de la empresa, como con clientes. Garantizar el correcto estado de las instalaciones y el equipamiento adecuado, de forma tal que est\u00e9n en correspondencia con la actividad, objetivos y metas de la empresa. En este sentido, la Direcci\u00f3n de ESPARTERO BUILDING &amp; SERVICES SLU cuenta con un equipo de profesionales cualificados y proporciona los recursos necesarios para alcanzar sus objetivos de Gesti\u00f3n. La presente Pol\u00edtica de Calidad servir\u00e1 de base para la aprobaci\u00f3n de objetivos de mejora por la Organizaci\u00f3n.<\/p>","protected":false},"author":2,"featured_media":0,"parent":0,"menu_order":0,"comment_status":"closed","ping_status":"closed","template":"elementor_header_footer","meta":{"site-sidebar-layout":"default","site-content-layout":"default","ast-site-content-layout":"default","site-content-style":"default","site-sidebar-style":"default","ast-global-header-display":"","ast-banner-title-visibility":"","ast-main-header-display":"","ast-hfb-above-header-display":"","ast-hfb-below-header-display":"","ast-hfb-mobile-header-display":"","site-post-title":"","ast-breadcrumbs-content":"","ast-featured-img":"","footer-sml-layout":"","ast-disable-related-posts":"","theme-transparent-header-meta":"default","adv-header-id-meta":"","stick-header-meta":"","header-above-stick-meta":"","header-main-stick-meta":"","header-below-stick-meta":"","astra-migrate-meta-layouts":"default","ast-page-background-enabled":"default","ast-page-background-meta":{"desktop":{"background-color":"","background-image":"","background-repeat":"repeat","background-position":"center center","background-size":"auto","background-attachment":"scroll","background-type":"","background-media":"","overlay-type":"","overlay-color":"","overlay-opacity":"","overlay-gradient":""},"tablet":{"background-color":"","background-image":"","background-repeat":"repeat","background-position":"center center","background-size":"auto","background-attachment":"scroll","background-type":"","background-media":"","overlay-type":"","overlay-color":"","overlay-opacity":"","overlay-gradient":""},"mobile":{"background-color":"","background-image":"","background-repeat":"repeat","background-position":"center center","background-size":"auto","background-attachment":"scroll","background-type":"","background-media":"","overlay-type":"","overlay-color":"","overlay-opacity":"","overlay-gradient":""}},"ast-content-background-meta":{"desktop":{"background-color":"var(--ast-global-color-5)","background-image":"","background-repeat":"repeat","background-position":"center center","background-size":"auto","background-attachment":"scroll","background-type":"","background-media":"","overlay-type":"","overlay-color":"","overlay-opacity":"","overlay-gradient":""},"tablet":{"background-color":"var(--ast-global-color-5)","background-image":"","background-repeat":"repeat","background-position":"center center","background-size":"auto","background-attachment":"scroll","background-type":"","background-media":"","overlay-type":"","overlay-color":"","overlay-opacity":"","overlay-gradient":""},"mobile":{"background-color":"var(--ast-global-color-5)","background-image":"","background-repeat":"repeat","background-position":"center center","background-size":"auto","background-attachment":"scroll","background-type":"","background-media":"","overlay-type":"","overlay-color":"","overlay-opacity":"","overlay-gradient":""}},"footnotes":""},"class_list":["post-3668","page","type-page","status-publish","hentry"],"yoast_head":"<!-- This site is optimized with the Yoast SEO plugin v27.5 - https:\/\/yoast.com\/product\/yoast-seo-wordpress\/ -->\n<title>Pol\u00edtica de Calidad y Medioambiente - ECS, Engineering &amp; Astrophysics<\/title>\n<meta name=\"robots\" content=\"noindex, follow, max-snippet:-1, max-image-preview:large, max-video-preview:-1\" \/>\n<meta property=\"og:locale\" content=\"en_GB\" \/>\n<meta property=\"og:type\" content=\"article\" \/>\n<meta property=\"og:title\" content=\"Pol\u00edtica de Calidad y Medioambiente - ECS, Engineering &amp; Astrophysics\" \/>\n<meta property=\"og:description\" content=\"POL\u00cdTICA DE CALIDAD Y MEDIOAMBIENTE \u200b La Direcci\u00f3n de ESPARTERO BUILDING &amp; SERVICES SLU, tiene implantado un sistema integrado de gesti\u00f3n de la calidad y el medio ambiente cuyo alcance es el siguiente: \u201cAsesoramiento de Ingenier\u00eda en Materia de Defensa y Espacio (Din\u00e1mica y Mec\u00e1nica Orbital\u201d. La organizaci\u00f3n se compromete a cumplir con los principios de su Pol\u00edtica de Gesti\u00f3n, que se indican a continuaci\u00f3n: Compromisos ESPARTERO BUILDING &amp; SERVICES SLU, establece los siguientes compromisos en materia de calidad: Cumplimiento de la regulaci\u00f3n, normativa interna, requisitos reglamentarios, legales y otros requisitos aplicables tanto al personal propio como a terceras partes que se relacionen con la compa\u00f1\u00eda (proveedores, contratistas, socios de negocio, etc. Identificaci\u00f3n, evaluaci\u00f3n y gesti\u00f3n de los riesgos y oportunidades, derivados de su actividad. Mejora continua y excelencia en la gesti\u00f3n, estableciendo procesos de auditor\u00eda y revisi\u00f3n peri\u00f3dica del sistema de gesti\u00f3n integrado, as\u00ed como indicadores que permitan el seguimiento continuo del desempe\u00f1o, promoviendo la innovaci\u00f3n y el incremento de la productividad con criterios de rentabilidad eficiencia y sostenibilidad. Garantizar el cumplimiento de los objetivos y la asignaci\u00f3n de los recursos t\u00e9cnicos, humanos y materiales necesarios y adoptar la mejor tecnolog\u00eda disponible para lograr una eficaz implantaci\u00f3n del sistema. Transparencia en la informaci\u00f3n proporcionada a los grupos de inter\u00e9s, garantizando su fiabilidad y rigor y aplicando los procesos y protocolos internos que aseguran la confidencialidad de dicha informaci\u00f3n. Pol\u00edtica de Calidad y Medioambiente La formaci\u00f3n e informaci\u00f3n orientada a asegurar que las personas de la compa\u00f1\u00eda conocen y comprenden las normas y compromisos para poder desempe\u00f1ar su actividad. Proteger el Medio Ambiente, incluyendo la prevenci\u00f3n de la contaminaci\u00f3n y la mejora de nuestro comportamiento ambiental. Mantenimiento de una comunicaci\u00f3n fluida tanto a nivel interno, entre los distintos estamentos de la empresa, como con clientes. Garantizar el correcto estado de las instalaciones y el equipamiento adecuado, de forma tal que est\u00e9n en correspondencia con la actividad, objetivos y metas de la empresa. En este sentido, la Direcci\u00f3n de ESPARTERO BUILDING &amp; SERVICES SLU cuenta con un equipo de profesionales cualificados y proporciona los recursos necesarios para alcanzar sus objetivos de Gesti\u00f3n. La presente Pol\u00edtica de Calidad servir\u00e1 de base para la aprobaci\u00f3n de objetivos de mejora por la Organizaci\u00f3n.\" \/>\n<meta property=\"og:url\" content=\"https:\/\/esparterocs.com\/en\/politica-de-calidad-y-medioambiente\/\" \/>\n<meta property=\"og:site_name\" content=\"ECS, Engineering &amp; Astrophysics\" \/>\n<meta property=\"article:modified_time\" content=\"2026-03-03T18:47:17+00:00\" \/>\n<meta name=\"twitter:card\" content=\"summary_large_image\" \/>\n<meta name=\"twitter:label1\" content=\"Estimated reading time\" \/>\n\t<meta name=\"twitter:data1\" content=\"2 minutes\" \/>\n<script type=\"application\/ld+json\" class=\"yoast-schema-graph\">{\"@context\":\"https:\\\/\\\/schema.org\",\"@graph\":[{\"@type\":\"WebPage\",\"@id\":\"https:\\\/\\\/esparterocs.com\\\/politica-de-calidad-y-medioambiente\\\/\",\"url\":\"https:\\\/\\\/esparterocs.com\\\/politica-de-calidad-y-medioambiente\\\/\",\"name\":\"Pol\u00edtica de Calidad y Medioambiente - ECS, Engineering &amp; Astrophysics\",\"isPartOf\":{\"@id\":\"https:\\\/\\\/esparterocs.com\\\/#website\"},\"datePublished\":\"2026-03-03T17:49:23+00:00\",\"dateModified\":\"2026-03-03T18:47:17+00:00\",\"breadcrumb\":{\"@id\":\"https:\\\/\\\/esparterocs.com\\\/politica-de-calidad-y-medioambiente\\\/#breadcrumb\"},\"inLanguage\":\"en-GB\",\"potentialAction\":[{\"@type\":\"ReadAction\",\"target\":[\"https:\\\/\\\/esparterocs.com\\\/politica-de-calidad-y-medioambiente\\\/\"]}]},{\"@type\":\"BreadcrumbList\",\"@id\":\"https:\\\/\\\/esparterocs.com\\\/politica-de-calidad-y-medioambiente\\\/#breadcrumb\",\"itemListElement\":[{\"@type\":\"ListItem\",\"position\":1,\"name\":\"Home\",\"item\":\"https:\\\/\\\/esparterocs.com\\\/\"},{\"@type\":\"ListItem\",\"position\":2,\"name\":\"Pol\u00edtica de Calidad y Medioambiente\"}]},{\"@type\":\"WebSite\",\"@id\":\"https:\\\/\\\/esparterocs.com\\\/#website\",\"url\":\"https:\\\/\\\/esparterocs.com\\\/\",\"name\":\"ECS, Engineering &amp; Astrophysics\",\"description\":\"Construcci\u00f3n de observatorios astron\u00f3micos profesionales\",\"publisher\":{\"@id\":\"https:\\\/\\\/esparterocs.com\\\/#organization\"},\"potentialAction\":[{\"@type\":\"SearchAction\",\"target\":{\"@type\":\"EntryPoint\",\"urlTemplate\":\"https:\\\/\\\/esparterocs.com\\\/?s={search_term_string}\"},\"query-input\":{\"@type\":\"PropertyValueSpecification\",\"valueRequired\":true,\"valueName\":\"search_term_string\"}}],\"inLanguage\":\"en-GB\"},{\"@type\":\"Organization\",\"@id\":\"https:\\\/\\\/esparterocs.com\\\/#organization\",\"name\":\"ECS, Engineering &amp; Astrophysics\",\"url\":\"https:\\\/\\\/esparterocs.com\\\/\",\"logo\":{\"@type\":\"ImageObject\",\"inLanguage\":\"en-GB\",\"@id\":\"https:\\\/\\\/esparterocs.com\\\/#\\\/schema\\\/logo\\\/image\\\/\",\"url\":\"https:\\\/\\\/esparterocs.com\\\/wp-content\\\/uploads\\\/2020\\\/02\\\/cropped-logo-ECS.png\",\"contentUrl\":\"https:\\\/\\\/esparterocs.com\\\/wp-content\\\/uploads\\\/2020\\\/02\\\/cropped-logo-ECS.png\",\"width\":195,\"height\":88,\"caption\":\"ECS, Engineering &amp; Astrophysics\"},\"image\":{\"@id\":\"https:\\\/\\\/esparterocs.com\\\/#\\\/schema\\\/logo\\\/image\\\/\"}}]}<\/script>\n<!-- \/ Yoast SEO plugin. -->","yoast_head_json":{"title":"Pol\u00edtica de Calidad y Medioambiente - ECS, Engineering &amp; Astrophysics","robots":{"index":"noindex","follow":"follow","max-snippet":"max-snippet:-1","max-image-preview":"max-image-preview:large","max-video-preview":"max-video-preview:-1"},"og_locale":"en_GB","og_type":"article","og_title":"Pol\u00edtica de Calidad y Medioambiente - ECS, Engineering &amp; Astrophysics","og_description":"POL\u00cdTICA DE CALIDAD Y MEDIOAMBIENTE \u200b La Direcci\u00f3n de ESPARTERO BUILDING &amp; SERVICES SLU, tiene implantado un sistema integrado de gesti\u00f3n de la calidad y el medio ambiente cuyo alcance es el siguiente: \u201cAsesoramiento de Ingenier\u00eda en Materia de Defensa y Espacio (Din\u00e1mica y Mec\u00e1nica Orbital\u201d. La organizaci\u00f3n se compromete a cumplir con los principios de su Pol\u00edtica de Gesti\u00f3n, que se indican a continuaci\u00f3n: Compromisos ESPARTERO BUILDING &amp; SERVICES SLU, establece los siguientes compromisos en materia de calidad: Cumplimiento de la regulaci\u00f3n, normativa interna, requisitos reglamentarios, legales y otros requisitos aplicables tanto al personal propio como a terceras partes que se relacionen con la compa\u00f1\u00eda (proveedores, contratistas, socios de negocio, etc. Identificaci\u00f3n, evaluaci\u00f3n y gesti\u00f3n de los riesgos y oportunidades, derivados de su actividad. Mejora continua y excelencia en la gesti\u00f3n, estableciendo procesos de auditor\u00eda y revisi\u00f3n peri\u00f3dica del sistema de gesti\u00f3n integrado, as\u00ed como indicadores que permitan el seguimiento continuo del desempe\u00f1o, promoviendo la innovaci\u00f3n y el incremento de la productividad con criterios de rentabilidad eficiencia y sostenibilidad. Garantizar el cumplimiento de los objetivos y la asignaci\u00f3n de los recursos t\u00e9cnicos, humanos y materiales necesarios y adoptar la mejor tecnolog\u00eda disponible para lograr una eficaz implantaci\u00f3n del sistema. Transparencia en la informaci\u00f3n proporcionada a los grupos de inter\u00e9s, garantizando su fiabilidad y rigor y aplicando los procesos y protocolos internos que aseguran la confidencialidad de dicha informaci\u00f3n. Pol\u00edtica de Calidad y Medioambiente La formaci\u00f3n e informaci\u00f3n orientada a asegurar que las personas de la compa\u00f1\u00eda conocen y comprenden las normas y compromisos para poder desempe\u00f1ar su actividad. Proteger el Medio Ambiente, incluyendo la prevenci\u00f3n de la contaminaci\u00f3n y la mejora de nuestro comportamiento ambiental. Mantenimiento de una comunicaci\u00f3n fluida tanto a nivel interno, entre los distintos estamentos de la empresa, como con clientes. Garantizar el correcto estado de las instalaciones y el equipamiento adecuado, de forma tal que est\u00e9n en correspondencia con la actividad, objetivos y metas de la empresa. En este sentido, la Direcci\u00f3n de ESPARTERO BUILDING &amp; SERVICES SLU cuenta con un equipo de profesionales cualificados y proporciona los recursos necesarios para alcanzar sus objetivos de Gesti\u00f3n. La presente Pol\u00edtica de Calidad servir\u00e1 de base para la aprobaci\u00f3n de objetivos de mejora por la Organizaci\u00f3n.","og_url":"https:\/\/esparterocs.com\/en\/politica-de-calidad-y-medioambiente\/","og_site_name":"ECS, Engineering &amp; Astrophysics","article_modified_time":"2026-03-03T18:47:17+00:00","twitter_card":"summary_large_image","twitter_misc":{"Estimated reading time":"2 minutes"},"schema":{"@context":"https:\/\/schema.org","@graph":[{"@type":"WebPage","@id":"https:\/\/esparterocs.com\/politica-de-calidad-y-medioambiente\/","url":"https:\/\/esparterocs.com\/politica-de-calidad-y-medioambiente\/","name":"Pol\u00edtica de Calidad y Medioambiente - ECS, Engineering &amp; Astrophysics","isPartOf":{"@id":"https:\/\/esparterocs.com\/#website"},"datePublished":"2026-03-03T17:49:23+00:00","dateModified":"2026-03-03T18:47:17+00:00","breadcrumb":{"@id":"https:\/\/esparterocs.com\/politica-de-calidad-y-medioambiente\/#breadcrumb"},"inLanguage":"en-GB","potentialAction":[{"@type":"ReadAction","target":["https:\/\/esparterocs.com\/politica-de-calidad-y-medioambiente\/"]}]},{"@type":"BreadcrumbList","@id":"https:\/\/esparterocs.com\/politica-de-calidad-y-medioambiente\/#breadcrumb","itemListElement":[{"@type":"ListItem","position":1,"name":"Home","item":"https:\/\/esparterocs.com\/"},{"@type":"ListItem","position":2,"name":"Pol\u00edtica de Calidad y Medioambiente"}]},{"@type":"WebSite","@id":"https:\/\/esparterocs.com\/#website","url":"https:\/\/esparterocs.com\/","name":"ECS, Engineering &amp; Astrophysics","description":"Construction of professional astronomical observatories","publisher":{"@id":"https:\/\/esparterocs.com\/#organization"},"potentialAction":[{"@type":"SearchAction","target":{"@type":"EntryPoint","urlTemplate":"https:\/\/esparterocs.com\/?s={search_term_string}"},"query-input":{"@type":"PropertyValueSpecification","valueRequired":true,"valueName":"search_term_string"}}],"inLanguage":"en-GB"},{"@type":"Organization","@id":"https:\/\/esparterocs.com\/#organization","name":"ECS, Engineering &amp; Astrophysics","url":"https:\/\/esparterocs.com\/","logo":{"@type":"ImageObject","inLanguage":"en-GB","@id":"https:\/\/esparterocs.com\/#\/schema\/logo\/image\/","url":"https:\/\/esparterocs.com\/wp-content\/uploads\/2020\/02\/cropped-logo-ECS.png","contentUrl":"https:\/\/esparterocs.com\/wp-content\/uploads\/2020\/02\/cropped-logo-ECS.png","width":195,"height":88,"caption":"ECS, Engineering &amp; Astrophysics"},"image":{"@id":"https:\/\/esparterocs.com\/#\/schema\/logo\/image\/"}}]}},"_links":{"self":[{"href":"https:\/\/esparterocs.com\/en\/wp-json\/wp\/v2\/pages\/3668","targetHints":{"allow":["GET"]}}],"collection":[{"href":"https:\/\/esparterocs.com\/en\/wp-json\/wp\/v2\/pages"}],"about":[{"href":"https:\/\/esparterocs.com\/en\/wp-json\/wp\/v2\/types\/page"}],"author":[{"embeddable":true,"href":"https:\/\/esparterocs.com\/en\/wp-json\/wp\/v2\/users\/2"}],"replies":[{"embeddable":true,"href":"https:\/\/esparterocs.com\/en\/wp-json\/wp\/v2\/comments?post=3668"}],"version-history":[{"count":7,"href":"https:\/\/esparterocs.com\/en\/wp-json\/wp\/v2\/pages\/3668\/revisions"}],"predecessor-version":[{"id":3728,"href":"https:\/\/esparterocs.com\/en\/wp-json\/wp\/v2\/pages\/3668\/revisions\/3728"}],"wp:attachment":[{"href":"https:\/\/esparterocs.com\/en\/wp-json\/wp\/v2\/media?parent=3668"}],"curies":[{"name":"wp","href":"https:\/\/api.w.org\/{rel}","templated":true}]}}