{"id":3676,"date":"2026-03-03T19:00:44","date_gmt":"2026-03-03T18:00:44","guid":{"rendered":"https:\/\/beta.esparterocs.com\/?page_id=3676"},"modified":"2026-03-03T19:50:22","modified_gmt":"2026-03-03T18:50:22","slug":"politica-de-cookies","status":"publish","type":"page","link":"https:\/\/esparterocs.com\/en\/politica-de-cookies\/","title":{"rendered":"Cookie Policy"},"content":{"rendered":"<div data-elementor-type=\"wp-page\" data-elementor-id=\"3676\" class=\"elementor elementor-3676\">\n\t\t\t\t\t\t<section class=\"elementor-section elementor-top-section elementor-element elementor-element-54d32ec9 elementor-section-boxed elementor-section-height-default elementor-section-height-default wpr-particle-no wpr-jarallax-no wpr-parallax-no wpr-sticky-section-no wpr-column-slider-no wpr-equal-height-no\" data-id=\"54d32ec9\" data-element_type=\"section\" data-e-type=\"section\">\n\t\t\t\t\t\t\t<div class=\"elementor-background-overlay\"><\/div>\n\t\t\t\t\t\t\t<div class=\"elementor-container elementor-column-gap-default\">\n\t\t\t\t\t<div class=\"elementor-column elementor-col-100 elementor-top-column elementor-element elementor-element-386b8ec9\" data-id=\"386b8ec9\" data-element_type=\"column\" data-e-type=\"column\">\n\t\t\t<div class=\"elementor-widget-wrap elementor-element-populated\">\n\t\t\t\t\t\t<div class=\"elementor-element elementor-element-5dd01c1a elementor-widget elementor-widget-text-editor\" data-id=\"5dd01c1a\" data-element_type=\"widget\" data-e-type=\"widget\" data-widget_type=\"text-editor.default\">\n\t\t\t\t<div class=\"elementor-widget-container\">\n\t\t\t\t\t\t\t\t\t<p><\/p>\n<h3 class=\"font_9 wp-block-heading\"><span class=\"color_11\" style=\"color: #000000;\">POL\u00cdTICA DE COOKIES DEL SITIO WEB ESPARTEROCS.COM<\/span><\/h3>\n<p>\u00a0<\/p>\n<p>Titular: ECS Espartero Building &amp; Services SLU<br \/>Correo electr\u00f3nico: ecs@esparterocs.com<br \/>Sitio web: https:\/\/esparterocs.com<\/p>\n<p><strong>1. \u00bfQu\u00e9 son las cookies?<\/strong><\/p>\n<p>Una cookie es un peque\u00f1o archivo de texto que se almacena en su navegador cuando visita determinadas p\u00e1ginas web. Su finalidad es reconocer al usuario, recordar sus preferencias y mejorar su experiencia de navegaci\u00f3n.<\/p>\n<p>Las cookies no da\u00f1an su dispositivo y permiten que el sitio web funcione correctamente.<\/p>\n<p><strong>2. \u00bfQu\u00e9 tipos de cookies utilizamos?<\/strong><\/p>\n<p>En el sitio web https:\/\/esparterocs.com utilizamos los siguientes tipos de cookies:<\/p>\n<p><strong>a) Cookies t\u00e9cnicas (necesarias)<\/strong><\/p>\n<p>Son aquellas imprescindibles para el funcionamiento del sitio web y permiten al usuario la navegaci\u00f3n y utilizaci\u00f3n de sus diferentes opciones o servicios.<\/p>\n<p>Ejemplo:<\/p>\n<ul>\n<li>Control de tr\u00e1fico y comunicaci\u00f3n de datos.<\/li>\n<li>Identificaci\u00f3n de sesi\u00f3n.<\/li>\n<li>Acceso a \u00e1reas restringidas.<\/li>\n<li>Recordar elementos de un formulario.<\/li>\n<\/ul>\n<p>Estas cookies no requieren consentimiento previo.<\/p>\n<p><strong>b) Cookies de personalizaci\u00f3n<\/strong><\/p>\n<p>Permiten recordar informaci\u00f3n para que el usuario acceda al servicio con determinadas caracter\u00edsticas que pueden diferenciar su experiencia (idioma, tipo de navegador, configuraci\u00f3n regional, etc.).<\/p>\n<p><strong>c) Cookies de an\u00e1lisis<\/strong><\/p>\n<p>Permiten el seguimiento y an\u00e1lisis del comportamiento de los usuarios en el sitio web. La informaci\u00f3n recogida se utiliza para medir la actividad del sitio y elaborar perfiles de navegaci\u00f3n con el fin de introducir mejoras.<\/p>\n<p>Ejemplo:<\/p>\n<ul>\n<li>Uso de herramientas como Google Analytics para analizar estad\u00edsticas de visitas.<\/li>\n<\/ul>\n<p><strong>3. Cookies de terceros<\/strong><\/p>\n<p>Este sitio web puede utilizar servicios de terceros que recopilan informaci\u00f3n con fines estad\u00edsticos, de uso del sitio por parte del usuario y para la prestaci\u00f3n de otros servicios relacionados con la actividad del sitio web.<\/p>\n<p>Por ejemplo:<\/p>\n<ul>\n<li>Google (servicios anal\u00edticos)<\/li>\n<li>Meta (si utilizas p\u00edxel de Facebook\/Instagram)<\/li>\n<\/ul>\n<p><strong>4. Gesti\u00f3n y desactivaci\u00f3n de cookies<\/strong><\/p>\n<p>El usuario puede permitir, bloquear o eliminar las cookies instaladas en su dispositivo mediante la configuraci\u00f3n de las opciones del navegador que est\u00e9 utilizando:<\/p>\n<ul>\n<li>Google Chrome<\/li>\n<li>Mozilla Firefox<\/li>\n<li>Microsoft Edge<\/li>\n<li>Safari<\/li>\n<\/ul>\n<p>La desactivaci\u00f3n de cookies puede afectar al correcto funcionamiento de algunas funcionalidades del sitio web.<\/p>\n<p><strong>5. Aceptaci\u00f3n de la Pol\u00edtica de Cookies<\/strong><\/p>\n<p>Al acceder por primera vez a este sitio web, el usuario ver\u00e1 un aviso informativo sobre el uso de cookies y podr\u00e1:<\/p>\n<ul>\n<li>Aceptar todas las cookies.<\/li>\n<li>Configurar sus preferencias.<\/li>\n<li>Rechazar aquellas no necesarias.<\/li>\n<\/ul>\n<p>El consentimiento podr\u00e1 modificarse en cualquier momento desde el panel de configuraci\u00f3n habilitado en el sitio web.<\/p>\n<p><strong>6. Actualizaci\u00f3n de la Pol\u00edtica de Cookies<\/strong><\/p>\n<p>ECS Espartero Building &amp; Services SLU podr\u00e1 modificar esta Pol\u00edtica de Cookies en funci\u00f3n de exigencias legislativas, reglamentarias o con la finalidad de adaptar dicha pol\u00edtica a las instrucciones dictadas por la Agencia Espa\u00f1ola de Protecci\u00f3n de Datos.<\/p>\n<p>Se recomienda revisar peri\u00f3dicamente esta pol\u00edtica.<\/p>\n<p><\/p>\t\t\t\t\t\t\t\t<\/div>\n\t\t\t\t<\/div>\n\t\t\t\t\t<\/div>\n\t\t<\/div>\n\t\t\t\t\t<\/div>\n\t\t<\/section>\n\t\t\t\t<section class=\"elementor-section elementor-top-section elementor-element elementor-element-fca4c53 elementor-section-boxed elementor-section-height-default elementor-section-height-default wpr-particle-no wpr-jarallax-no wpr-parallax-no wpr-sticky-section-no wpr-column-slider-no wpr-equal-height-no\" data-id=\"fca4c53\" data-element_type=\"section\" data-e-type=\"section\">\n\t\t\t\t\t\t<div class=\"elementor-container elementor-column-gap-default\">\n\t\t\t\t\t<div class=\"elementor-column elementor-col-100 elementor-top-column elementor-element elementor-element-711c532\" data-id=\"711c532\" data-element_type=\"column\" data-e-type=\"column\">\n\t\t\t<div class=\"elementor-widget-wrap elementor-element-populated\">\n\t\t\t\t\t\t<div class=\"elementor-element elementor-element-fa6dace elementor-widget-divider--view-line elementor-widget elementor-widget-divider\" data-id=\"fa6dace\" data-element_type=\"widget\" data-e-type=\"widget\" data-widget_type=\"divider.default\">\n\t\t\t\t<div class=\"elementor-widget-container\">\n\t\t\t\t\t\t\t<div class=\"elementor-divider\">\n\t\t\t<span class=\"elementor-divider-separator\">\n\t\t\t\t\t\t<\/span>\n\t\t<\/div>\n\t\t\t\t\t\t<\/div>\n\t\t\t\t<\/div>\n\t\t\t\t\t<\/div>\n\t\t<\/div>\n\t\t\t\t\t<\/div>\n\t\t<\/section>\n\t\t\t\t<\/div>","protected":false},"excerpt":{"rendered":"<p>POL\u00cdTICA DE COOKIES DEL SITIO WEB ESPARTEROCS.COM \u00a0 Titular: ECS Espartero Building &amp; Services SLUCorreo electr\u00f3nico: ecs@esparterocs.comSitio web: https:\/\/esparterocs.com 1. \u00bfQu\u00e9 son las cookies? Una cookie es un peque\u00f1o archivo de texto que se almacena en su navegador cuando visita determinadas p\u00e1ginas web. Su finalidad es reconocer al usuario, recordar sus preferencias y mejorar su experiencia de navegaci\u00f3n. Las cookies no da\u00f1an su dispositivo y permiten que el sitio web funcione correctamente. 2. \u00bfQu\u00e9 tipos de cookies utilizamos? En el sitio web https:\/\/esparterocs.com utilizamos los siguientes tipos de cookies: a) Cookies t\u00e9cnicas (necesarias) Son aquellas imprescindibles para el funcionamiento del sitio web y permiten al usuario la navegaci\u00f3n y utilizaci\u00f3n de sus diferentes opciones o servicios. Ejemplo: Control de tr\u00e1fico y comunicaci\u00f3n de datos. Identificaci\u00f3n de sesi\u00f3n. Acceso a \u00e1reas restringidas. Recordar elementos de un formulario. Estas cookies no requieren consentimiento previo. b) Cookies de personalizaci\u00f3n Permiten recordar informaci\u00f3n para que el usuario acceda al servicio con determinadas caracter\u00edsticas que pueden diferenciar su experiencia (idioma, tipo de navegador, configuraci\u00f3n regional, etc.). c) Cookies de an\u00e1lisis Permiten el seguimiento y an\u00e1lisis del comportamiento de los usuarios en el sitio web. La informaci\u00f3n recogida se utiliza para medir la actividad del sitio y elaborar perfiles de navegaci\u00f3n con el fin de introducir mejoras. Ejemplo: Uso de herramientas como Google Analytics para analizar estad\u00edsticas de visitas. 3. Cookies de terceros Este sitio web puede utilizar servicios de terceros que recopilan informaci\u00f3n con fines estad\u00edsticos, de uso del sitio por parte del usuario y para la prestaci\u00f3n de otros servicios relacionados con la actividad del sitio web. Por ejemplo: Google (servicios anal\u00edticos) Meta (si utilizas p\u00edxel de Facebook\/Instagram) 4. Gesti\u00f3n y desactivaci\u00f3n de cookies El usuario puede permitir, bloquear o eliminar las cookies instaladas en su dispositivo mediante la configuraci\u00f3n de las opciones del navegador que est\u00e9 utilizando: Google Chrome Mozilla Firefox Microsoft Edge Safari La desactivaci\u00f3n de cookies puede afectar al correcto funcionamiento de algunas funcionalidades del sitio web. 5. Aceptaci\u00f3n de la Pol\u00edtica de Cookies Al acceder por primera vez a este sitio web, el usuario ver\u00e1 un aviso informativo sobre el uso de cookies y podr\u00e1: Aceptar todas las cookies. Configurar sus preferencias. Rechazar aquellas no necesarias. El consentimiento podr\u00e1 modificarse en cualquier momento desde el panel de configuraci\u00f3n habilitado en el sitio web. 6. Actualizaci\u00f3n de la Pol\u00edtica de Cookies ECS Espartero Building &amp; Services SLU podr\u00e1 modificar esta Pol\u00edtica de Cookies en funci\u00f3n de exigencias legislativas, reglamentarias o con la finalidad de adaptar dicha pol\u00edtica a las instrucciones dictadas por la Agencia Espa\u00f1ola de Protecci\u00f3n de Datos. Se recomienda revisar peri\u00f3dicamente esta pol\u00edtica.<\/p>","protected":false},"author":2,"featured_media":0,"parent":0,"menu_order":0,"comment_status":"closed","ping_status":"closed","template":"elementor_header_footer","meta":{"site-sidebar-layout":"default","site-content-layout":"default","ast-site-content-layout":"default","site-content-style":"default","site-sidebar-style":"default","ast-global-header-display":"","ast-banner-title-visibility":"","ast-main-header-display":"","ast-hfb-above-header-display":"","ast-hfb-below-header-display":"","ast-hfb-mobile-header-display":"","site-post-title":"","ast-breadcrumbs-content":"","ast-featured-img":"","footer-sml-layout":"","ast-disable-related-posts":"","theme-transparent-header-meta":"default","adv-header-id-meta":"","stick-header-meta":"","header-above-stick-meta":"","header-main-stick-meta":"","header-below-stick-meta":"","astra-migrate-meta-layouts":"default","ast-page-background-enabled":"default","ast-page-background-meta":{"desktop":{"background-color":"","background-image":"","background-repeat":"repeat","background-position":"center center","background-size":"auto","background-attachment":"scroll","background-type":"","background-media":"","overlay-type":"","overlay-color":"","overlay-opacity":"","overlay-gradient":""},"tablet":{"background-color":"","background-image":"","background-repeat":"repeat","background-position":"center center","background-size":"auto","background-attachment":"scroll","background-type":"","background-media":"","overlay-type":"","overlay-color":"","overlay-opacity":"","overlay-gradient":""},"mobile":{"background-color":"","background-image":"","background-repeat":"repeat","background-position":"center center","background-size":"auto","background-attachment":"scroll","background-type":"","background-media":"","overlay-type":"","overlay-color":"","overlay-opacity":"","overlay-gradient":""}},"ast-content-background-meta":{"desktop":{"background-color":"var(--ast-global-color-5)","background-image":"","background-repeat":"repeat","background-position":"center center","background-size":"auto","background-attachment":"scroll","background-type":"","background-media":"","overlay-type":"","overlay-color":"","overlay-opacity":"","overlay-gradient":""},"tablet":{"background-color":"var(--ast-global-color-5)","background-image":"","background-repeat":"repeat","background-position":"center center","background-size":"auto","background-attachment":"scroll","background-type":"","background-media":"","overlay-type":"","overlay-color":"","overlay-opacity":"","overlay-gradient":""},"mobile":{"background-color":"var(--ast-global-color-5)","background-image":"","background-repeat":"repeat","background-position":"center center","background-size":"auto","background-attachment":"scroll","background-type":"","background-media":"","overlay-type":"","overlay-color":"","overlay-opacity":"","overlay-gradient":""}},"footnotes":""},"class_list":["post-3676","page","type-page","status-publish","hentry"],"yoast_head":"<!-- This site is optimized with the Yoast SEO plugin v27.5 - https:\/\/yoast.com\/product\/yoast-seo-wordpress\/ -->\n<title>Pol\u00edtica de Cookies - ECS, Engineering &amp; Astrophysics<\/title>\n<meta name=\"robots\" content=\"noindex, follow, max-snippet:-1, max-image-preview:large, max-video-preview:-1\" \/>\n<meta property=\"og:locale\" content=\"en_GB\" \/>\n<meta property=\"og:type\" content=\"article\" \/>\n<meta property=\"og:title\" content=\"Pol\u00edtica de Cookies - ECS, Engineering &amp; Astrophysics\" \/>\n<meta property=\"og:description\" content=\"POL\u00cdTICA DE COOKIES DEL SITIO WEB ESPARTEROCS.COM \u00a0 Titular: ECS Espartero Building &amp; Services SLUCorreo electr\u00f3nico: ecs@esparterocs.comSitio web: https:\/\/esparterocs.com 1. \u00bfQu\u00e9 son las cookies? Una cookie es un peque\u00f1o archivo de texto que se almacena en su navegador cuando visita determinadas p\u00e1ginas web. Su finalidad es reconocer al usuario, recordar sus preferencias y mejorar su experiencia de navegaci\u00f3n. Las cookies no da\u00f1an su dispositivo y permiten que el sitio web funcione correctamente. 2. \u00bfQu\u00e9 tipos de cookies utilizamos? En el sitio web https:\/\/esparterocs.com utilizamos los siguientes tipos de cookies: a) Cookies t\u00e9cnicas (necesarias) Son aquellas imprescindibles para el funcionamiento del sitio web y permiten al usuario la navegaci\u00f3n y utilizaci\u00f3n de sus diferentes opciones o servicios. Ejemplo: Control de tr\u00e1fico y comunicaci\u00f3n de datos. Identificaci\u00f3n de sesi\u00f3n. Acceso a \u00e1reas restringidas. Recordar elementos de un formulario. Estas cookies no requieren consentimiento previo. b) Cookies de personalizaci\u00f3n Permiten recordar informaci\u00f3n para que el usuario acceda al servicio con determinadas caracter\u00edsticas que pueden diferenciar su experiencia (idioma, tipo de navegador, configuraci\u00f3n regional, etc.). c) Cookies de an\u00e1lisis Permiten el seguimiento y an\u00e1lisis del comportamiento de los usuarios en el sitio web. La informaci\u00f3n recogida se utiliza para medir la actividad del sitio y elaborar perfiles de navegaci\u00f3n con el fin de introducir mejoras. Ejemplo: Uso de herramientas como Google Analytics para analizar estad\u00edsticas de visitas. 3. Cookies de terceros Este sitio web puede utilizar servicios de terceros que recopilan informaci\u00f3n con fines estad\u00edsticos, de uso del sitio por parte del usuario y para la prestaci\u00f3n de otros servicios relacionados con la actividad del sitio web. Por ejemplo: Google (servicios anal\u00edticos) Meta (si utilizas p\u00edxel de Facebook\/Instagram) 4. Gesti\u00f3n y desactivaci\u00f3n de cookies El usuario puede permitir, bloquear o eliminar las cookies instaladas en su dispositivo mediante la configuraci\u00f3n de las opciones del navegador que est\u00e9 utilizando: Google Chrome Mozilla Firefox Microsoft Edge Safari La desactivaci\u00f3n de cookies puede afectar al correcto funcionamiento de algunas funcionalidades del sitio web. 5. Aceptaci\u00f3n de la Pol\u00edtica de Cookies Al acceder por primera vez a este sitio web, el usuario ver\u00e1 un aviso informativo sobre el uso de cookies y podr\u00e1: Aceptar todas las cookies. Configurar sus preferencias. Rechazar aquellas no necesarias. El consentimiento podr\u00e1 modificarse en cualquier momento desde el panel de configuraci\u00f3n habilitado en el sitio web. 6. Actualizaci\u00f3n de la Pol\u00edtica de Cookies ECS Espartero Building &amp; Services SLU podr\u00e1 modificar esta Pol\u00edtica de Cookies en funci\u00f3n de exigencias legislativas, reglamentarias o con la finalidad de adaptar dicha pol\u00edtica a las instrucciones dictadas por la Agencia Espa\u00f1ola de Protecci\u00f3n de Datos. Se recomienda revisar peri\u00f3dicamente esta pol\u00edtica.\" \/>\n<meta property=\"og:url\" content=\"https:\/\/esparterocs.com\/en\/politica-de-cookies\/\" \/>\n<meta property=\"og:site_name\" content=\"ECS, Engineering &amp; Astrophysics\" \/>\n<meta property=\"article:modified_time\" content=\"2026-03-03T18:50:22+00:00\" \/>\n<meta name=\"twitter:card\" content=\"summary_large_image\" \/>\n<meta name=\"twitter:label1\" content=\"Estimated reading time\" \/>\n\t<meta name=\"twitter:data1\" content=\"2 minutes\" \/>\n<script type=\"application\/ld+json\" class=\"yoast-schema-graph\">{\"@context\":\"https:\\\/\\\/schema.org\",\"@graph\":[{\"@type\":\"WebPage\",\"@id\":\"https:\\\/\\\/esparterocs.com\\\/politica-de-cookies\\\/\",\"url\":\"https:\\\/\\\/esparterocs.com\\\/politica-de-cookies\\\/\",\"name\":\"Pol\u00edtica de Cookies - ECS, Engineering &amp; Astrophysics\",\"isPartOf\":{\"@id\":\"https:\\\/\\\/esparterocs.com\\\/#website\"},\"datePublished\":\"2026-03-03T18:00:44+00:00\",\"dateModified\":\"2026-03-03T18:50:22+00:00\",\"breadcrumb\":{\"@id\":\"https:\\\/\\\/esparterocs.com\\\/politica-de-cookies\\\/#breadcrumb\"},\"inLanguage\":\"en-GB\",\"potentialAction\":[{\"@type\":\"ReadAction\",\"target\":[\"https:\\\/\\\/esparterocs.com\\\/politica-de-cookies\\\/\"]}]},{\"@type\":\"BreadcrumbList\",\"@id\":\"https:\\\/\\\/esparterocs.com\\\/politica-de-cookies\\\/#breadcrumb\",\"itemListElement\":[{\"@type\":\"ListItem\",\"position\":1,\"name\":\"Home\",\"item\":\"https:\\\/\\\/esparterocs.com\\\/\"},{\"@type\":\"ListItem\",\"position\":2,\"name\":\"Pol\u00edtica de Cookies\"}]},{\"@type\":\"WebSite\",\"@id\":\"https:\\\/\\\/esparterocs.com\\\/#website\",\"url\":\"https:\\\/\\\/esparterocs.com\\\/\",\"name\":\"ECS, Engineering &amp; Astrophysics\",\"description\":\"Construcci\u00f3n de observatorios astron\u00f3micos profesionales\",\"publisher\":{\"@id\":\"https:\\\/\\\/esparterocs.com\\\/#organization\"},\"potentialAction\":[{\"@type\":\"SearchAction\",\"target\":{\"@type\":\"EntryPoint\",\"urlTemplate\":\"https:\\\/\\\/esparterocs.com\\\/?s={search_term_string}\"},\"query-input\":{\"@type\":\"PropertyValueSpecification\",\"valueRequired\":true,\"valueName\":\"search_term_string\"}}],\"inLanguage\":\"en-GB\"},{\"@type\":\"Organization\",\"@id\":\"https:\\\/\\\/esparterocs.com\\\/#organization\",\"name\":\"ECS, Engineering &amp; Astrophysics\",\"url\":\"https:\\\/\\\/esparterocs.com\\\/\",\"logo\":{\"@type\":\"ImageObject\",\"inLanguage\":\"en-GB\",\"@id\":\"https:\\\/\\\/esparterocs.com\\\/#\\\/schema\\\/logo\\\/image\\\/\",\"url\":\"https:\\\/\\\/esparterocs.com\\\/wp-content\\\/uploads\\\/2020\\\/02\\\/cropped-logo-ECS.png\",\"contentUrl\":\"https:\\\/\\\/esparterocs.com\\\/wp-content\\\/uploads\\\/2020\\\/02\\\/cropped-logo-ECS.png\",\"width\":195,\"height\":88,\"caption\":\"ECS, Engineering &amp; Astrophysics\"},\"image\":{\"@id\":\"https:\\\/\\\/esparterocs.com\\\/#\\\/schema\\\/logo\\\/image\\\/\"}}]}<\/script>\n<!-- \/ Yoast SEO plugin. -->","yoast_head_json":{"title":"Pol\u00edtica de Cookies - ECS, Engineering &amp; Astrophysics","robots":{"index":"noindex","follow":"follow","max-snippet":"max-snippet:-1","max-image-preview":"max-image-preview:large","max-video-preview":"max-video-preview:-1"},"og_locale":"en_GB","og_type":"article","og_title":"Pol\u00edtica de Cookies - ECS, Engineering &amp; Astrophysics","og_description":"POL\u00cdTICA DE COOKIES DEL SITIO WEB ESPARTEROCS.COM \u00a0 Titular: ECS Espartero Building &amp; Services SLUCorreo electr\u00f3nico: ecs@esparterocs.comSitio web: https:\/\/esparterocs.com 1. \u00bfQu\u00e9 son las cookies? Una cookie es un peque\u00f1o archivo de texto que se almacena en su navegador cuando visita determinadas p\u00e1ginas web. Su finalidad es reconocer al usuario, recordar sus preferencias y mejorar su experiencia de navegaci\u00f3n. Las cookies no da\u00f1an su dispositivo y permiten que el sitio web funcione correctamente. 2. \u00bfQu\u00e9 tipos de cookies utilizamos? En el sitio web https:\/\/esparterocs.com utilizamos los siguientes tipos de cookies: a) Cookies t\u00e9cnicas (necesarias) Son aquellas imprescindibles para el funcionamiento del sitio web y permiten al usuario la navegaci\u00f3n y utilizaci\u00f3n de sus diferentes opciones o servicios. Ejemplo: Control de tr\u00e1fico y comunicaci\u00f3n de datos. Identificaci\u00f3n de sesi\u00f3n. Acceso a \u00e1reas restringidas. Recordar elementos de un formulario. Estas cookies no requieren consentimiento previo. b) Cookies de personalizaci\u00f3n Permiten recordar informaci\u00f3n para que el usuario acceda al servicio con determinadas caracter\u00edsticas que pueden diferenciar su experiencia (idioma, tipo de navegador, configuraci\u00f3n regional, etc.). c) Cookies de an\u00e1lisis Permiten el seguimiento y an\u00e1lisis del comportamiento de los usuarios en el sitio web. La informaci\u00f3n recogida se utiliza para medir la actividad del sitio y elaborar perfiles de navegaci\u00f3n con el fin de introducir mejoras. Ejemplo: Uso de herramientas como Google Analytics para analizar estad\u00edsticas de visitas. 3. Cookies de terceros Este sitio web puede utilizar servicios de terceros que recopilan informaci\u00f3n con fines estad\u00edsticos, de uso del sitio por parte del usuario y para la prestaci\u00f3n de otros servicios relacionados con la actividad del sitio web. Por ejemplo: Google (servicios anal\u00edticos) Meta (si utilizas p\u00edxel de Facebook\/Instagram) 4. Gesti\u00f3n y desactivaci\u00f3n de cookies El usuario puede permitir, bloquear o eliminar las cookies instaladas en su dispositivo mediante la configuraci\u00f3n de las opciones del navegador que est\u00e9 utilizando: Google Chrome Mozilla Firefox Microsoft Edge Safari La desactivaci\u00f3n de cookies puede afectar al correcto funcionamiento de algunas funcionalidades del sitio web. 5. Aceptaci\u00f3n de la Pol\u00edtica de Cookies Al acceder por primera vez a este sitio web, el usuario ver\u00e1 un aviso informativo sobre el uso de cookies y podr\u00e1: Aceptar todas las cookies. Configurar sus preferencias. Rechazar aquellas no necesarias. El consentimiento podr\u00e1 modificarse en cualquier momento desde el panel de configuraci\u00f3n habilitado en el sitio web. 6. Actualizaci\u00f3n de la Pol\u00edtica de Cookies ECS Espartero Building &amp; Services SLU podr\u00e1 modificar esta Pol\u00edtica de Cookies en funci\u00f3n de exigencias legislativas, reglamentarias o con la finalidad de adaptar dicha pol\u00edtica a las instrucciones dictadas por la Agencia Espa\u00f1ola de Protecci\u00f3n de Datos. Se recomienda revisar peri\u00f3dicamente esta pol\u00edtica.","og_url":"https:\/\/esparterocs.com\/en\/politica-de-cookies\/","og_site_name":"ECS, Engineering &amp; Astrophysics","article_modified_time":"2026-03-03T18:50:22+00:00","twitter_card":"summary_large_image","twitter_misc":{"Estimated reading time":"2 minutes"},"schema":{"@context":"https:\/\/schema.org","@graph":[{"@type":"WebPage","@id":"https:\/\/esparterocs.com\/politica-de-cookies\/","url":"https:\/\/esparterocs.com\/politica-de-cookies\/","name":"Pol\u00edtica de Cookies - ECS, Engineering &amp; Astrophysics","isPartOf":{"@id":"https:\/\/esparterocs.com\/#website"},"datePublished":"2026-03-03T18:00:44+00:00","dateModified":"2026-03-03T18:50:22+00:00","breadcrumb":{"@id":"https:\/\/esparterocs.com\/politica-de-cookies\/#breadcrumb"},"inLanguage":"en-GB","potentialAction":[{"@type":"ReadAction","target":["https:\/\/esparterocs.com\/politica-de-cookies\/"]}]},{"@type":"BreadcrumbList","@id":"https:\/\/esparterocs.com\/politica-de-cookies\/#breadcrumb","itemListElement":[{"@type":"ListItem","position":1,"name":"Home","item":"https:\/\/esparterocs.com\/"},{"@type":"ListItem","position":2,"name":"Pol\u00edtica de Cookies"}]},{"@type":"WebSite","@id":"https:\/\/esparterocs.com\/#website","url":"https:\/\/esparterocs.com\/","name":"ECS, Engineering &amp; Astrophysics","description":"Construction of professional astronomical observatories","publisher":{"@id":"https:\/\/esparterocs.com\/#organization"},"potentialAction":[{"@type":"SearchAction","target":{"@type":"EntryPoint","urlTemplate":"https:\/\/esparterocs.com\/?s={search_term_string}"},"query-input":{"@type":"PropertyValueSpecification","valueRequired":true,"valueName":"search_term_string"}}],"inLanguage":"en-GB"},{"@type":"Organization","@id":"https:\/\/esparterocs.com\/#organization","name":"ECS, Engineering &amp; Astrophysics","url":"https:\/\/esparterocs.com\/","logo":{"@type":"ImageObject","inLanguage":"en-GB","@id":"https:\/\/esparterocs.com\/#\/schema\/logo\/image\/","url":"https:\/\/esparterocs.com\/wp-content\/uploads\/2020\/02\/cropped-logo-ECS.png","contentUrl":"https:\/\/esparterocs.com\/wp-content\/uploads\/2020\/02\/cropped-logo-ECS.png","width":195,"height":88,"caption":"ECS, Engineering &amp; Astrophysics"},"image":{"@id":"https:\/\/esparterocs.com\/#\/schema\/logo\/image\/"}}]}},"_links":{"self":[{"href":"https:\/\/esparterocs.com\/en\/wp-json\/wp\/v2\/pages\/3676","targetHints":{"allow":["GET"]}}],"collection":[{"href":"https:\/\/esparterocs.com\/en\/wp-json\/wp\/v2\/pages"}],"about":[{"href":"https:\/\/esparterocs.com\/en\/wp-json\/wp\/v2\/types\/page"}],"author":[{"embeddable":true,"href":"https:\/\/esparterocs.com\/en\/wp-json\/wp\/v2\/users\/2"}],"replies":[{"embeddable":true,"href":"https:\/\/esparterocs.com\/en\/wp-json\/wp\/v2\/comments?post=3676"}],"version-history":[{"count":16,"href":"https:\/\/esparterocs.com\/en\/wp-json\/wp\/v2\/pages\/3676\/revisions"}],"predecessor-version":[{"id":3740,"href":"https:\/\/esparterocs.com\/en\/wp-json\/wp\/v2\/pages\/3676\/revisions\/3740"}],"wp:attachment":[{"href":"https:\/\/esparterocs.com\/en\/wp-json\/wp\/v2\/media?parent=3676"}],"curies":[{"name":"wp","href":"https:\/\/api.w.org\/{rel}","templated":true}]}}